{"id":38925,"date":"2012-01-06T16:34:23","date_gmt":"2012-01-06T13:34:23","guid":{"rendered":"https:\/\/scripts.farmradio.fm\/inicio\/"},"modified":"2023-08-15T17:00:53","modified_gmt":"2023-08-15T14:00:53","slug":"inicio","status":"publish","type":"page","link":"https:\/\/scripts.farmradio.fm\/pt-pt\/","title":{"rendered":"In\u00edcio"},"content":{"rendered":"\n<h1>\n\t\tFarm Radio.FM gui\u00f5es\n\t<\/h1>\n\t<form role=\"search\" action=\"http:\/\/scripts.farmradio.fm\/pt-pt\/\" method=\"get\">\n\t\t\t\t\t\t<input placeholder=\"Procurar suplementos informativos, dramas, entrevistas, spots de r\u00e1dio e mais\" type=\"search\" name=\"s\" title=\"Search\" value=\"\"\/>\n\t\t\t\t\t\t\t\t\t<button type=\"submit\">\n\t\t\t\t\t\t\t\t\tProcurar\t\t\t\t\t\t\t<\/button>\n\t\t\t<\/form>\n<h2>\n\t\t<a href=\"\/pt-pt\/formato\/suplemento-informativo\/\" title=\"Suplemento Informativo &lt;i class=&quot;fas fa-chevron-right fa-xs&quot;&gt;&lt;\/i&gt;\" target=\"_self\" rel=\"noopener\">\n\t\tSuplemento Informativo \n\t\t<\/a>\n\t<\/h2>\n<h2>\n\t\t<a href=\"\/pt-pt\/formato\/drama\/\" title=\"Drama &lt;i class=&quot;fas fa-chevron-right fa-xs&quot;&gt;&lt;\/i&gt;\" target=\"_self\" rel=\"noopener\">\n\t\tDrama \n\t\t<\/a>\n\t<\/h2>\n<h2>\n\t\t<a href=\"\/pt-pt\/formato\/entrevista\/\" title=\"Entrevista &lt;i class=&quot;fas fa-chevron-right fa-xs&quot;&gt;&lt;\/i&gt;\" target=\"_self\" rel=\"noopener\">\n\t\tEntrevista \n\t\t<\/a>\n\t<\/h2>\n<h2>\n\t\t<a href=\"\/pt-pt\/formato\/narrativa\/\" title=\"Narrativa &lt;i class=&quot;fas fa-chevron-right fa-xs&quot;&gt;&lt;\/i&gt;\" target=\"_self\" rel=\"noopener\">\n\t\tNarrativa \n\t\t<\/a>\n\t<\/h2>\n<h2>\n\t\t<a href=\"\/pt-pt\/formato\/spot-de-radio\/\" title=\"Spot de r\u00e1dio &lt;i class=&quot;fas fa-chevron-right fa-xs&quot;&gt;&lt;\/i&gt;\" target=\"_self\" rel=\"noopener\">\n\t\tSpot de r\u00e1dio \n\t\t<\/a>\n\t<\/h2>\n<h2>\n\t\t<a href=\"\/pt-pt\/formato\/sugestao-de-perguntas-para-entrevista\/\" title=\"Sugest\u00e3o de perguntas para entrevista &lt;i class=&quot;fas fa-chevron-right fa-xs&quot;&gt;&lt;\/i&gt;\" target=\"_self\" rel=\"noopener\">\n\t\tSugest\u00e3o de perguntas para entrevista \n\t\t<\/a>\n\t<\/h2>\n<h2>\n\t\t<a href=\"\/pt-pt\/formato\/pacote-tematico\/\" title=\"Pacote tem\u00e1tico &lt;i class=&quot;fas fa-chevron-right fa-xs&quot;&gt;&lt;\/i&gt;\" target=\"_self\" rel=\"noopener\">\n\t\tPacote tem\u00e1tico \n\t\t<\/a>\n\t<\/h2>\n<h2>\n\t\t<a href=\"\/pt-pt\/formato\/guiao-apresentado-por-dois-apresentadores\/\" title=\"Gui\u00e3o apresentado por dois apresentadores &lt;i class=&quot;fas fa-chevron-right fa-xs&quot;&gt;&lt;\/i&gt;\" target=\"_self\" rel=\"noopener\">\n\t\tGui\u00e3o apresentado por dois apresentadores \n\t\t<\/a>\n\t<\/h2>\n\t<h2>Tradu\u00e7\u00f5es dispon\u00edveis<\/h2>\n<p>Tentamos disponibilizar mais de nossos recursos em mais idiomas. Selecione o nome do idioma para ver todos os recursos dispon\u00edveis nesse idioma.<\/p>\n<ul class=\"list-pages-shortcode child-pages\"><li class=\"page_item page-item-38592\"><a href=\"https:\/\/scripts.farmradio.fm\/pt-pt\/traducoes\/ciute\/\">Recursos em Ciut\u00e9<\/a><\/li>\n<\/ul>\n\n","protected":false},"excerpt":{"rendered":"<p>Farm Radio.FM gui\u00f5es Procurar Suplemento Informativo Drama Entrevista Narrativa Spot de r\u00e1dio Sugest\u00e3o de perguntas para entrevista Pacote tem\u00e1tico Gui\u00e3o apresentado por dois apresentadores Tradu\u00e7\u00f5es dispon\u00edveis Tentamos disponibilizar mais de nossos recursos em mais idiomas. Selecione o nome do idioma para ver todos os recursos dispon\u00edveis nesse idioma.<\/p>\n","protected":false},"author":1,"featured_media":0,"parent":0,"menu_order":0,"comment_status":"closed","ping_status":"closed","template":"","meta":{"footnotes":"","beyondwords_generate_audio":"","beyondwords_integration_method":"","beyondwords_project_id":"","beyondwords_content_id":"","beyondwords_preview_token":"","beyondwords_player_content":"","beyondwords_player_style":"","beyondwords_language_code":"","beyondwords_language_id":"","beyondwords_title_voice_id":"","beyondwords_body_voice_id":"","beyondwords_summary_voice_id":"","beyondwords_error_message":"","beyondwords_disabled":"","beyondwords_delete_content":"","beyondwords_podcast_id":"","beyondwords_hash":"","publish_post_to_speechkit":"","speechkit_hash":"","speechkit_generate_audio":"","speechkit_project_id":"","speechkit_podcast_id":"","speechkit_error_message":"","speechkit_disabled":"","speechkit_access_key":"","speechkit_error":"","speechkit_info":"","speechkit_response":"","speechkit_retries":"","speechkit_status":"","speechkit_updated_at":"","_speechkit_link":"","_speechkit_text":""},"class_list":["post-38925","page","type-page","status-publish","hentry"],"acf":[],"yoast_head":"<!-- This site is optimized with the Yoast SEO plugin v27.3 - https:\/\/yoast.com\/product\/yoast-seo-wordpress\/ -->\n<title>In\u00edcio - Farm Radio Scripts<\/title>\n<meta name=\"robots\" content=\"index, follow, max-snippet:-1, max-image-preview:large, max-video-preview:-1\" \/>\n<link rel=\"canonical\" href=\"https:\/\/scripts.farmradio.fm\/pt-pt\/\" \/>\n<meta property=\"og:locale\" content=\"pt_PT\" \/>\n<meta property=\"og:type\" content=\"article\" \/>\n<meta property=\"og:title\" content=\"In\u00edcio - Farm Radio Scripts\" \/>\n<meta property=\"og:description\" content=\"Farm Radio.FM gui\u00f5es Procurar Suplemento Informativo Drama Entrevista Narrativa Spot de r\u00e1dio Sugest\u00e3o de perguntas para entrevista Pacote tem\u00e1tico Gui\u00e3o apresentado por dois apresentadores Tradu\u00e7\u00f5es dispon\u00edveis Tentamos disponibilizar mais de nossos recursos em mais idiomas. Selecione o nome do idioma para ver todos os recursos dispon\u00edveis nesse idioma.\" \/>\n<meta property=\"og:url\" content=\"https:\/\/scripts.farmradio.fm\/pt-pt\/\" \/>\n<meta property=\"og:site_name\" content=\"Farm Radio Scripts\" \/>\n<meta property=\"article:publisher\" content=\"https:\/\/www.facebook.com\/farmradio\/\" \/>\n<meta property=\"article:modified_time\" content=\"2023-08-15T14:00:53+00:00\" \/>\n<meta name=\"twitter:card\" content=\"summary_large_image\" \/>\n<meta name=\"twitter:site\" content=\"@farmradio\" \/>\n<script type=\"application\/ld+json\" class=\"yoast-schema-graph\">{\"@context\":\"https:\\\/\\\/schema.org\",\"@graph\":[{\"@type\":\"WebPage\",\"@id\":\"https:\\\/\\\/scripts.farmradio.fm\\\/pt-pt\\\/\",\"url\":\"https:\\\/\\\/scripts.farmradio.fm\\\/pt-pt\\\/\",\"name\":\"In\u00edcio - Farm Radio Scripts\",\"isPartOf\":{\"@id\":\"http:\\\/\\\/scripts.farmradio.fm\\\/pt-pt\\\/#website\"},\"datePublished\":\"2012-01-06T13:34:23+00:00\",\"dateModified\":\"2023-08-15T14:00:53+00:00\",\"breadcrumb\":{\"@id\":\"https:\\\/\\\/scripts.farmradio.fm\\\/pt-pt\\\/#breadcrumb\"},\"inLanguage\":\"pt-PT\",\"potentialAction\":[{\"@type\":\"ReadAction\",\"target\":[\"https:\\\/\\\/scripts.farmradio.fm\\\/pt-pt\\\/\"]}]},{\"@type\":\"BreadcrumbList\",\"@id\":\"https:\\\/\\\/scripts.farmradio.fm\\\/pt-pt\\\/#breadcrumb\",\"itemListElement\":[{\"@type\":\"ListItem\",\"position\":1,\"name\":\"In\u00edcio\",\"item\":\"http:\\\/\\\/scripts.farmradio.fm\\\/pt-pt\\\/\"},{\"@type\":\"ListItem\",\"position\":2,\"name\":\"In\u00edcio\"}]},{\"@type\":\"WebSite\",\"@id\":\"http:\\\/\\\/scripts.farmradio.fm\\\/pt-pt\\\/#website\",\"url\":\"http:\\\/\\\/scripts.farmradio.fm\\\/pt-pt\\\/\",\"name\":\"Farm Radio Scripts\",\"description\":\"\",\"publisher\":{\"@id\":\"http:\\\/\\\/scripts.farmradio.fm\\\/pt-pt\\\/#organization\"},\"potentialAction\":[{\"@type\":\"SearchAction\",\"target\":{\"@type\":\"EntryPoint\",\"urlTemplate\":\"http:\\\/\\\/scripts.farmradio.fm\\\/pt-pt\\\/?s={search_term_string}\"},\"query-input\":{\"@type\":\"PropertyValueSpecification\",\"valueRequired\":true,\"valueName\":\"search_term_string\"}}],\"inLanguage\":\"pt-PT\"},{\"@type\":\"Organization\",\"@id\":\"http:\\\/\\\/scripts.farmradio.fm\\\/pt-pt\\\/#organization\",\"name\":\"Farm Radio International\",\"url\":\"http:\\\/\\\/scripts.farmradio.fm\\\/pt-pt\\\/\",\"logo\":{\"@type\":\"ImageObject\",\"inLanguage\":\"pt-PT\",\"@id\":\"http:\\\/\\\/scripts.farmradio.fm\\\/pt-pt\\\/#\\\/schema\\\/logo\\\/image\\\/\",\"url\":\"https:\\\/\\\/scripts.farmradio.fm\\\/wp-content\\\/uploads\\\/farmRadioLogo.jpg\",\"contentUrl\":\"https:\\\/\\\/scripts.farmradio.fm\\\/wp-content\\\/uploads\\\/farmRadioLogo.jpg\",\"width\":200,\"height\":75,\"caption\":\"Farm Radio International\"},\"image\":{\"@id\":\"http:\\\/\\\/scripts.farmradio.fm\\\/pt-pt\\\/#\\\/schema\\\/logo\\\/image\\\/\"},\"sameAs\":[\"https:\\\/\\\/www.facebook.com\\\/farmradio\\\/\",\"https:\\\/\\\/x.com\\\/farmradio\",\"https:\\\/\\\/www.instagram.com\\\/farmradio\\\/\",\"https:\\\/\\\/www.youtube.com\\\/user\\\/FarmRadioInt\"]}]}<\/script>\n<!-- \/ Yoast SEO plugin. -->","yoast_head_json":{"title":"In\u00edcio - Farm Radio Scripts","robots":{"index":"index","follow":"follow","max-snippet":"max-snippet:-1","max-image-preview":"max-image-preview:large","max-video-preview":"max-video-preview:-1"},"canonical":"https:\/\/scripts.farmradio.fm\/pt-pt\/","og_locale":"pt_PT","og_type":"article","og_title":"In\u00edcio - Farm Radio Scripts","og_description":"Farm Radio.FM gui\u00f5es Procurar Suplemento Informativo Drama Entrevista Narrativa Spot de r\u00e1dio Sugest\u00e3o de perguntas para entrevista Pacote tem\u00e1tico Gui\u00e3o apresentado por dois apresentadores Tradu\u00e7\u00f5es dispon\u00edveis Tentamos disponibilizar mais de nossos recursos em mais idiomas. Selecione o nome do idioma para ver todos os recursos dispon\u00edveis nesse idioma.","og_url":"https:\/\/scripts.farmradio.fm\/pt-pt\/","og_site_name":"Farm Radio Scripts","article_publisher":"https:\/\/www.facebook.com\/farmradio\/","article_modified_time":"2023-08-15T14:00:53+00:00","twitter_card":"summary_large_image","twitter_site":"@farmradio","schema":{"@context":"https:\/\/schema.org","@graph":[{"@type":"WebPage","@id":"https:\/\/scripts.farmradio.fm\/pt-pt\/","url":"https:\/\/scripts.farmradio.fm\/pt-pt\/","name":"In\u00edcio - Farm Radio Scripts","isPartOf":{"@id":"http:\/\/scripts.farmradio.fm\/pt-pt\/#website"},"datePublished":"2012-01-06T13:34:23+00:00","dateModified":"2023-08-15T14:00:53+00:00","breadcrumb":{"@id":"https:\/\/scripts.farmradio.fm\/pt-pt\/#breadcrumb"},"inLanguage":"pt-PT","potentialAction":[{"@type":"ReadAction","target":["https:\/\/scripts.farmradio.fm\/pt-pt\/"]}]},{"@type":"BreadcrumbList","@id":"https:\/\/scripts.farmradio.fm\/pt-pt\/#breadcrumb","itemListElement":[{"@type":"ListItem","position":1,"name":"In\u00edcio","item":"http:\/\/scripts.farmradio.fm\/pt-pt\/"},{"@type":"ListItem","position":2,"name":"In\u00edcio"}]},{"@type":"WebSite","@id":"http:\/\/scripts.farmradio.fm\/pt-pt\/#website","url":"http:\/\/scripts.farmradio.fm\/pt-pt\/","name":"Farm Radio Scripts","description":"","publisher":{"@id":"http:\/\/scripts.farmradio.fm\/pt-pt\/#organization"},"potentialAction":[{"@type":"SearchAction","target":{"@type":"EntryPoint","urlTemplate":"http:\/\/scripts.farmradio.fm\/pt-pt\/?s={search_term_string}"},"query-input":{"@type":"PropertyValueSpecification","valueRequired":true,"valueName":"search_term_string"}}],"inLanguage":"pt-PT"},{"@type":"Organization","@id":"http:\/\/scripts.farmradio.fm\/pt-pt\/#organization","name":"Farm Radio International","url":"http:\/\/scripts.farmradio.fm\/pt-pt\/","logo":{"@type":"ImageObject","inLanguage":"pt-PT","@id":"http:\/\/scripts.farmradio.fm\/pt-pt\/#\/schema\/logo\/image\/","url":"https:\/\/scripts.farmradio.fm\/wp-content\/uploads\/farmRadioLogo.jpg","contentUrl":"https:\/\/scripts.farmradio.fm\/wp-content\/uploads\/farmRadioLogo.jpg","width":200,"height":75,"caption":"Farm Radio International"},"image":{"@id":"http:\/\/scripts.farmradio.fm\/pt-pt\/#\/schema\/logo\/image\/"},"sameAs":["https:\/\/www.facebook.com\/farmradio\/","https:\/\/x.com\/farmradio","https:\/\/www.instagram.com\/farmradio\/","https:\/\/www.youtube.com\/user\/FarmRadioInt"]}]}},"_links":{"self":[{"href":"https:\/\/scripts.farmradio.fm\/pt-pt\/wp-json\/wp\/v2\/pages\/38925","targetHints":{"allow":["GET"]}}],"collection":[{"href":"https:\/\/scripts.farmradio.fm\/pt-pt\/wp-json\/wp\/v2\/pages"}],"about":[{"href":"https:\/\/scripts.farmradio.fm\/pt-pt\/wp-json\/wp\/v2\/types\/page"}],"author":[{"embeddable":true,"href":"https:\/\/scripts.farmradio.fm\/pt-pt\/wp-json\/wp\/v2\/users\/1"}],"replies":[{"embeddable":true,"href":"https:\/\/scripts.farmradio.fm\/pt-pt\/wp-json\/wp\/v2\/comments?post=38925"}],"version-history":[{"count":0,"href":"https:\/\/scripts.farmradio.fm\/pt-pt\/wp-json\/wp\/v2\/pages\/38925\/revisions"}],"wp:attachment":[{"href":"https:\/\/scripts.farmradio.fm\/pt-pt\/wp-json\/wp\/v2\/media?parent=38925"}],"curies":[{"name":"wp","href":"https:\/\/api.w.org\/{rel}","templated":true}]}}