{"id":38601,"date":"2023-04-30T02:24:41","date_gmt":"2023-04-29T23:24:41","guid":{"rendered":"https:\/\/scripts.farmradio.fm\/?page_id=38601"},"modified":"2023-04-30T02:24:41","modified_gmt":"2023-04-29T23:24:41","slug":"senoufo","status":"publish","type":"page","link":"https:\/\/scripts.farmradio.fm\/fr\/traductions\/senoufo\/","title":{"rendered":"Ressources en s\u00e9noufo"},"content":{"rendered":"\n\n\t<p>Voici toutes les ressources de Radios Rurales qui sont disponibles en s\u00e9noufo.<\/p>\n<h2>Spots radiophoniques<\/h2>\n<ul>\n<li><a href=\"https:\/\/soundcloud.com\/farmradio\/spots-sur-les-vaccins-du-covid\">Spots sur les vaccins du COVID-19, la promotion des vaccins, les mesures sanitaires publiques et l&rsquo;\u00e9galit\u00e9 de genre et l&rsquo;inclusion<\/a><\/li>\n<\/ul>\n<h2>Autres types de ressources<\/h2>\n<ul>\n<li><a href=\"https:\/\/soundcloud.com\/farmradio\/reponses-aux-questions\">R\u00e9ponses aux questions fr\u00e9quemment pos\u00e9es sur les vaccins du COVID-19<\/a><\/li>\n<\/ul>\n\t\t\t\t\n\t\t\t<p>Ces ressources sont disponible qu&rsquo;en format audio.<\/p>\n\n","protected":false},"excerpt":{"rendered":"<p>Voici toutes les ressources de Radios Rurales qui sont disponibles en s\u00e9noufo. Spots radiophoniques Spots sur les vaccins du COVID-19, la promotion des vaccins, les mesures sanitaires publiques et l&rsquo;\u00e9galit\u00e9 de genre et l&rsquo;inclusion Autres types de ressources R\u00e9ponses aux questions fr\u00e9quemment pos\u00e9es sur les vaccins du COVID-19 Ces ressources sont disponible qu&rsquo;en format audio.<\/p>\n","protected":false},"author":1,"featured_media":0,"parent":38588,"menu_order":0,"comment_status":"closed","ping_status":"closed","template":"","meta":{"footnotes":"","beyondwords_generate_audio":"","beyondwords_integration_method":"","beyondwords_project_id":"","beyondwords_content_id":"","beyondwords_preview_token":"","beyondwords_player_content":"","beyondwords_player_style":"","beyondwords_language_code":"","beyondwords_language_id":"","beyondwords_title_voice_id":"","beyondwords_body_voice_id":"","beyondwords_summary_voice_id":"","beyondwords_error_message":"","beyondwords_disabled":"","beyondwords_delete_content":"","beyondwords_podcast_id":"","beyondwords_hash":"","publish_post_to_speechkit":"","speechkit_hash":"","speechkit_generate_audio":"","speechkit_project_id":"","speechkit_podcast_id":"","speechkit_error_message":"","speechkit_disabled":"","speechkit_access_key":"","speechkit_error":"","speechkit_info":"","speechkit_response":"","speechkit_retries":"","speechkit_status":"","speechkit_updated_at":"","_speechkit_link":"","_speechkit_text":""},"class_list":["post-38601","page","type-page","status-publish","hentry"],"acf":[],"yoast_head":"<!-- This site is optimized with the Yoast SEO plugin v27.4 - https:\/\/yoast.com\/product\/yoast-seo-wordpress\/ -->\n<title>Ressources en s\u00e9noufo - Farm Radio Scripts<\/title>\n<meta name=\"robots\" content=\"index, follow, max-snippet:-1, max-image-preview:large, max-video-preview:-1\" \/>\n<link rel=\"canonical\" href=\"https:\/\/scripts.farmradio.fm\/fr\/traductions\/senoufo\/\" \/>\n<meta property=\"og:locale\" content=\"fr_CA\" \/>\n<meta property=\"og:type\" content=\"article\" \/>\n<meta property=\"og:title\" content=\"Ressources en s\u00e9noufo - Farm Radio Scripts\" \/>\n<meta property=\"og:description\" content=\"Voici toutes les ressources de Radios Rurales qui sont disponibles en s\u00e9noufo. Spots radiophoniques Spots sur les vaccins du COVID-19, la promotion des vaccins, les mesures sanitaires publiques et l&rsquo;\u00e9galit\u00e9 de genre et l&rsquo;inclusion Autres types de ressources R\u00e9ponses aux questions fr\u00e9quemment pos\u00e9es sur les vaccins du COVID-19 Ces ressources sont disponible qu&rsquo;en format audio.\" \/>\n<meta property=\"og:url\" content=\"https:\/\/scripts.farmradio.fm\/fr\/traductions\/senoufo\/\" \/>\n<meta property=\"og:site_name\" content=\"Farm Radio Scripts\" \/>\n<meta property=\"article:publisher\" content=\"https:\/\/www.facebook.com\/farmradio\/\" \/>\n<meta name=\"twitter:card\" content=\"summary_large_image\" \/>\n<meta name=\"twitter:site\" content=\"@farmradio\" \/>\n<script type=\"application\/ld+json\" class=\"yoast-schema-graph\">{\"@context\":\"https:\\\/\\\/schema.org\",\"@graph\":[{\"@type\":\"WebPage\",\"@id\":\"https:\\\/\\\/scripts.farmradio.fm\\\/fr\\\/traductions\\\/senoufo\\\/\",\"url\":\"https:\\\/\\\/scripts.farmradio.fm\\\/fr\\\/traductions\\\/senoufo\\\/\",\"name\":\"Ressources en s\u00e9noufo - Farm Radio Scripts\",\"isPartOf\":{\"@id\":\"http:\\\/\\\/scripts.farmradio.fm\\\/fr\\\/#website\"},\"datePublished\":\"2023-04-29T23:24:41+00:00\",\"breadcrumb\":{\"@id\":\"https:\\\/\\\/scripts.farmradio.fm\\\/fr\\\/traductions\\\/senoufo\\\/#breadcrumb\"},\"inLanguage\":\"fr-CA\",\"potentialAction\":[{\"@type\":\"ReadAction\",\"target\":[\"https:\\\/\\\/scripts.farmradio.fm\\\/fr\\\/traductions\\\/senoufo\\\/\"]}]},{\"@type\":\"BreadcrumbList\",\"@id\":\"https:\\\/\\\/scripts.farmradio.fm\\\/fr\\\/traductions\\\/senoufo\\\/#breadcrumb\",\"itemListElement\":[{\"@type\":\"ListItem\",\"position\":1,\"name\":\"Accueil\",\"item\":\"https:\\\/\\\/scripts.farmradio.fm\\\/fr\\\/\"},{\"@type\":\"ListItem\",\"position\":2,\"name\":\"Traductions disponibles\",\"item\":\"https:\\\/\\\/scripts.farmradio.fm\\\/fr\\\/translations\\\/\"},{\"@type\":\"ListItem\",\"position\":3,\"name\":\"Ressources en s\u00e9noufo\"}]},{\"@type\":\"WebSite\",\"@id\":\"http:\\\/\\\/scripts.farmradio.fm\\\/fr\\\/#website\",\"url\":\"http:\\\/\\\/scripts.farmradio.fm\\\/fr\\\/\",\"name\":\"Farm Radio Scripts\",\"description\":\"\",\"publisher\":{\"@id\":\"http:\\\/\\\/scripts.farmradio.fm\\\/fr\\\/#organization\"},\"potentialAction\":[{\"@type\":\"SearchAction\",\"target\":{\"@type\":\"EntryPoint\",\"urlTemplate\":\"http:\\\/\\\/scripts.farmradio.fm\\\/fr\\\/?s={search_term_string}\"},\"query-input\":{\"@type\":\"PropertyValueSpecification\",\"valueRequired\":true,\"valueName\":\"search_term_string\"}}],\"inLanguage\":\"fr-CA\"},{\"@type\":\"Organization\",\"@id\":\"http:\\\/\\\/scripts.farmradio.fm\\\/fr\\\/#organization\",\"name\":\"Farm Radio International\",\"url\":\"http:\\\/\\\/scripts.farmradio.fm\\\/fr\\\/\",\"logo\":{\"@type\":\"ImageObject\",\"inLanguage\":\"fr-CA\",\"@id\":\"http:\\\/\\\/scripts.farmradio.fm\\\/fr\\\/#\\\/schema\\\/logo\\\/image\\\/\",\"url\":\"https:\\\/\\\/scripts.farmradio.fm\\\/wp-content\\\/uploads\\\/farmRadioLogo.jpg\",\"contentUrl\":\"https:\\\/\\\/scripts.farmradio.fm\\\/wp-content\\\/uploads\\\/farmRadioLogo.jpg\",\"width\":200,\"height\":75,\"caption\":\"Farm Radio International\"},\"image\":{\"@id\":\"http:\\\/\\\/scripts.farmradio.fm\\\/fr\\\/#\\\/schema\\\/logo\\\/image\\\/\"},\"sameAs\":[\"https:\\\/\\\/www.facebook.com\\\/farmradio\\\/\",\"https:\\\/\\\/x.com\\\/farmradio\",\"https:\\\/\\\/www.instagram.com\\\/farmradio\\\/\",\"https:\\\/\\\/www.youtube.com\\\/user\\\/FarmRadioInt\"]}]}<\/script>\n<!-- \/ Yoast SEO plugin. -->","yoast_head_json":{"title":"Ressources en s\u00e9noufo - Farm Radio Scripts","robots":{"index":"index","follow":"follow","max-snippet":"max-snippet:-1","max-image-preview":"max-image-preview:large","max-video-preview":"max-video-preview:-1"},"canonical":"https:\/\/scripts.farmradio.fm\/fr\/traductions\/senoufo\/","og_locale":"fr_CA","og_type":"article","og_title":"Ressources en s\u00e9noufo - Farm Radio Scripts","og_description":"Voici toutes les ressources de Radios Rurales qui sont disponibles en s\u00e9noufo. Spots radiophoniques Spots sur les vaccins du COVID-19, la promotion des vaccins, les mesures sanitaires publiques et l&rsquo;\u00e9galit\u00e9 de genre et l&rsquo;inclusion Autres types de ressources R\u00e9ponses aux questions fr\u00e9quemment pos\u00e9es sur les vaccins du COVID-19 Ces ressources sont disponible qu&rsquo;en format audio.","og_url":"https:\/\/scripts.farmradio.fm\/fr\/traductions\/senoufo\/","og_site_name":"Farm Radio Scripts","article_publisher":"https:\/\/www.facebook.com\/farmradio\/","twitter_card":"summary_large_image","twitter_site":"@farmradio","schema":{"@context":"https:\/\/schema.org","@graph":[{"@type":"WebPage","@id":"https:\/\/scripts.farmradio.fm\/fr\/traductions\/senoufo\/","url":"https:\/\/scripts.farmradio.fm\/fr\/traductions\/senoufo\/","name":"Ressources en s\u00e9noufo - Farm Radio Scripts","isPartOf":{"@id":"http:\/\/scripts.farmradio.fm\/fr\/#website"},"datePublished":"2023-04-29T23:24:41+00:00","breadcrumb":{"@id":"https:\/\/scripts.farmradio.fm\/fr\/traductions\/senoufo\/#breadcrumb"},"inLanguage":"fr-CA","potentialAction":[{"@type":"ReadAction","target":["https:\/\/scripts.farmradio.fm\/fr\/traductions\/senoufo\/"]}]},{"@type":"BreadcrumbList","@id":"https:\/\/scripts.farmradio.fm\/fr\/traductions\/senoufo\/#breadcrumb","itemListElement":[{"@type":"ListItem","position":1,"name":"Accueil","item":"https:\/\/scripts.farmradio.fm\/fr\/"},{"@type":"ListItem","position":2,"name":"Traductions disponibles","item":"https:\/\/scripts.farmradio.fm\/fr\/translations\/"},{"@type":"ListItem","position":3,"name":"Ressources en s\u00e9noufo"}]},{"@type":"WebSite","@id":"http:\/\/scripts.farmradio.fm\/fr\/#website","url":"http:\/\/scripts.farmradio.fm\/fr\/","name":"Farm Radio Scripts","description":"","publisher":{"@id":"http:\/\/scripts.farmradio.fm\/fr\/#organization"},"potentialAction":[{"@type":"SearchAction","target":{"@type":"EntryPoint","urlTemplate":"http:\/\/scripts.farmradio.fm\/fr\/?s={search_term_string}"},"query-input":{"@type":"PropertyValueSpecification","valueRequired":true,"valueName":"search_term_string"}}],"inLanguage":"fr-CA"},{"@type":"Organization","@id":"http:\/\/scripts.farmradio.fm\/fr\/#organization","name":"Farm Radio International","url":"http:\/\/scripts.farmradio.fm\/fr\/","logo":{"@type":"ImageObject","inLanguage":"fr-CA","@id":"http:\/\/scripts.farmradio.fm\/fr\/#\/schema\/logo\/image\/","url":"https:\/\/scripts.farmradio.fm\/wp-content\/uploads\/farmRadioLogo.jpg","contentUrl":"https:\/\/scripts.farmradio.fm\/wp-content\/uploads\/farmRadioLogo.jpg","width":200,"height":75,"caption":"Farm Radio International"},"image":{"@id":"http:\/\/scripts.farmradio.fm\/fr\/#\/schema\/logo\/image\/"},"sameAs":["https:\/\/www.facebook.com\/farmradio\/","https:\/\/x.com\/farmradio","https:\/\/www.instagram.com\/farmradio\/","https:\/\/www.youtube.com\/user\/FarmRadioInt"]}]}},"_links":{"self":[{"href":"https:\/\/scripts.farmradio.fm\/fr\/wp-json\/wp\/v2\/pages\/38601","targetHints":{"allow":["GET"]}}],"collection":[{"href":"https:\/\/scripts.farmradio.fm\/fr\/wp-json\/wp\/v2\/pages"}],"about":[{"href":"https:\/\/scripts.farmradio.fm\/fr\/wp-json\/wp\/v2\/types\/page"}],"author":[{"embeddable":true,"href":"https:\/\/scripts.farmradio.fm\/fr\/wp-json\/wp\/v2\/users\/1"}],"replies":[{"embeddable":true,"href":"https:\/\/scripts.farmradio.fm\/fr\/wp-json\/wp\/v2\/comments?post=38601"}],"version-history":[{"count":0,"href":"https:\/\/scripts.farmradio.fm\/fr\/wp-json\/wp\/v2\/pages\/38601\/revisions"}],"up":[{"embeddable":true,"href":"https:\/\/scripts.farmradio.fm\/fr\/wp-json\/wp\/v2\/pages\/38588"}],"wp:attachment":[{"href":"https:\/\/scripts.farmradio.fm\/fr\/wp-json\/wp\/v2\/media?parent=38601"}],"curies":[{"name":"wp","href":"https:\/\/api.w.org\/{rel}","templated":true}]}}