{"id":1492,"date":"2012-01-06T16:34:23","date_gmt":"2012-01-06T13:34:23","guid":{"rendered":"http:\/\/frrp.wpengine.com\/?page_id=1492"},"modified":"2025-06-19T16:00:01","modified_gmt":"2025-06-19T13:00:01","slug":"accueil","status":"publish","type":"page","link":"https:\/\/scripts.farmradio.fm\/fr\/","title":{"rendered":"Accueil"},"content":{"rendered":"\n<h1>\n\t\t\tFarm Radio.FM Textes radiophoniques\t<\/h1>\n\t<form role=\"search\" action=\"https:\/\/scripts.farmradio.fm\/fr\/\" method=\"get\" aria-label=\"Search form\">\n\t\t\t\t\t\t<label for=\"pp-search-form__input-\">\n\t\t\t\tRechercher des fiches documentaires, des feuilletons, des interviews, des spots radiophoniques et plus\t\t\t<\/label>\n\t\t\t<input id=\"pp-search-form__input-\"  placeholder=\"Rechercher des fiches documentaires, des feuilletons, des interviews, des spots radiophoniques et plus\" type=\"search\" name=\"s\" title=\"Search\" value=\"\"\/>\n\t\t\t\t\t\t\t\t\t<button type=\"submit\">\n\t\t\t\t\t\t\t\t\tRecherche\t\t\t\t\t\t\t<\/button>\n\t\t\t<\/form>\n<h2>\n\t\t<a href=\"\/fr\/format\/fiche-documentaire\/\" title=\"Fiche documentaires\"  target=\"_self\">\n\t\t\tFiche documentaires \t\t<\/a>\n\t<\/h2>\n<h2>\n\t\t<a href=\"\/fr\/format\/textes-radiophoniques\/\" title=\"Feuilletons\"  target=\"_self\">\n\t\t\tFeuilletons \t\t<\/a>\n\t<\/h2>\n<h2>\n\t\t<a href=\"\/fr\/format\/interview\/\" title=\"Interviews\"  target=\"_self\">\n\t\t\tInterviews \t\t<\/a>\n\t<\/h2>\n<h2>\n\t\t<a href=\"\/fr\/format\/recit\/\" title=\"R\u00e9cits\"  target=\"_self\">\n\t\t\tR\u00e9cits \t\t<\/a>\n\t<\/h2>\n<h2>\n\t\t<a href=\"\/fr\/format\/messages-publicitaires\/\" title=\"Spots radiophoniques\"  target=\"_self\">\n\t\t\tSpots radiophoniques \t\t<\/a>\n\t<\/h2>\n<h2>\n\t\t<a href=\"\/fr\/format\/questions-dinterview-suggerees\/\" title=\"Questions d&#039;interview sugg\u00e9r\u00e9es\"  target=\"_self\">\n\t\t\tQuestions d&rsquo;interview sugg\u00e9r\u00e9es \t\t<\/a>\n\t<\/h2>\n<h2>\n\t\t<a href=\"\/fr\/format\/ensemble-thematique\/\" title=\"Ensemble th\u00e9matique\"  target=\"_self\">\n\t\t\tEnsemble th\u00e9matique \t\t<\/a>\n\t<\/h2>\n<h2>\n\t\t<a href=\"\/fr\/format\/deux-animateurs\/\" title=\"Causerie-d\u00e9bat entre deux animateurs\"  target=\"_self\">\n\t\t\tCauserie-d\u00e9bat entre deux animateurs \t\t<\/a>\n\t<\/h2>\n\t<h2>Traductions disponibles<\/h2>\n<p>Nous essayons de rendre un plus grand nombre de nos ressources accessibles en plus de langues. S\u00e9lectionnez le nom de la langue pour voir toutes les ressources disponibles dans cette langue.<\/p>\n<ul class=\"list-pages-shortcode child-pages\"><li class=\"page_item page-item-38590\"><a href=\"https:\/\/scripts.farmradio.fm\/fr\/traductions\/bambara\/\">Ressources en bambara<\/a><\/li>\n<li class=\"page_item page-item-38595\"><a href=\"https:\/\/scripts.farmradio.fm\/fr\/traductions\/baoule\/\">Ressources en baoul\u00e9<\/a><\/li>\n<li class=\"page_item page-item-38596\"><a href=\"https:\/\/scripts.farmradio.fm\/fr\/traductions\/dioula-jula\/\">Ressources en dioula \/ jula<\/a><\/li>\n<li class=\"page_item page-item-38890\"><a href=\"https:\/\/scripts.farmradio.fm\/fr\/traductions\/fulfulde-peulh\/\">Ressources en fulfulde\/peulh<\/a><\/li>\n<li class=\"page_item page-item-38597\"><a href=\"https:\/\/scripts.farmradio.fm\/fr\/traductions\/kabye\/\">Ressources en kaby\u00e8<\/a><\/li>\n<li class=\"page_item page-item-38598\"><a href=\"https:\/\/scripts.farmradio.fm\/fr\/traductions\/malinke\/\">Ressources en malink\u00e9<\/a><\/li>\n<li class=\"page_item page-item-38599\"><a href=\"https:\/\/scripts.farmradio.fm\/fr\/traductions\/moore\/\">Ressources en moor\u00e9<\/a><\/li>\n<li class=\"page_item page-item-38600\"><a href=\"https:\/\/scripts.farmradio.fm\/fr\/traductions\/peulh-pulaar-fouladou\/\">Ressources en peulh \/ pulaar \/ fouladou<\/a><\/li>\n<li class=\"page_item page-item-38601\"><a href=\"https:\/\/scripts.farmradio.fm\/fr\/traductions\/senoufo\/\">Ressources en s\u00e9noufo<\/a><\/li>\n<li class=\"page_item page-item-38602\"><a href=\"https:\/\/scripts.farmradio.fm\/fr\/traductions\/sonrhai\/\">Ressources en sonrhai<\/a><\/li>\n<li class=\"page_item page-item-38591\"><a href=\"https:\/\/scripts.farmradio.fm\/fr\/traductions\/swahili\/\">Ressources en swahili (RDC)<\/a><\/li>\n<li class=\"page_item page-item-38594\"><a href=\"https:\/\/scripts.farmradio.fm\/fr\/traductions\/wolof\/\">Ressources en wolof<\/a><\/li>\n<li class=\"page_item page-item-120\"><a href=\"https:\/\/scripts.farmradio.fm\/fr\/traductions\/zarma\/\">Ressources en zarma<\/a><\/li>\n<\/ul>\n\n","protected":false},"excerpt":{"rendered":"<p>Farm Radio.FM Textes radiophoniques Rechercher des fiches documentaires, des feuilletons, des interviews, des spots radiophoniques et plus Recherche Fiche documentaires Feuilletons Interviews R\u00e9cits Spots radiophoniques Questions d&rsquo;interview sugg\u00e9r\u00e9es Ensemble th\u00e9matique Causerie-d\u00e9bat entre deux animateurs Traductions disponibles Nous essayons de rendre un plus grand nombre de nos ressources accessibles en plus de langues. S\u00e9lectionnez le nom&hellip;<\/p>\n","protected":false},"author":1,"featured_media":0,"parent":0,"menu_order":0,"comment_status":"closed","ping_status":"closed","template":"","meta":{"footnotes":"","beyondwords_generate_audio":"","beyondwords_integration_method":"","beyondwords_project_id":"","beyondwords_content_id":"","beyondwords_preview_token":"","beyondwords_player_content":"","beyondwords_player_style":"","beyondwords_language_code":"","beyondwords_language_id":"","beyondwords_title_voice_id":"","beyondwords_body_voice_id":"","beyondwords_summary_voice_id":"","beyondwords_error_message":"","beyondwords_disabled":"","beyondwords_delete_content":"","beyondwords_podcast_id":"","beyondwords_hash":"","publish_post_to_speechkit":"","speechkit_hash":"","speechkit_generate_audio":"","speechkit_project_id":"","speechkit_podcast_id":"","speechkit_error_message":"","speechkit_disabled":"","speechkit_access_key":"","speechkit_error":"","speechkit_info":"","speechkit_response":"","speechkit_retries":"","speechkit_status":"","speechkit_updated_at":"","_speechkit_link":"","_speechkit_text":""},"class_list":["post-1492","page","type-page","status-publish","hentry"],"acf":[],"yoast_head":"<!-- This site is optimized with the Yoast SEO plugin v27.5 - https:\/\/yoast.com\/product\/yoast-seo-wordpress\/ -->\n<title>Accueil - Farm Radio Scripts<\/title>\n<meta name=\"robots\" content=\"index, follow, max-snippet:-1, max-image-preview:large, max-video-preview:-1\" \/>\n<link rel=\"canonical\" href=\"https:\/\/scripts.farmradio.fm\/fr\/\" \/>\n<meta property=\"og:locale\" content=\"fr_CA\" \/>\n<meta property=\"og:type\" content=\"article\" \/>\n<meta property=\"og:title\" content=\"Accueil - Farm Radio Scripts\" \/>\n<meta property=\"og:description\" content=\"Farm Radio.FM Textes radiophoniques Rechercher des fiches documentaires, des feuilletons, des interviews, des spots radiophoniques et plus Recherche Fiche documentaires Feuilletons Interviews R\u00e9cits Spots radiophoniques Questions d&rsquo;interview sugg\u00e9r\u00e9es Ensemble th\u00e9matique Causerie-d\u00e9bat entre deux animateurs Traductions disponibles Nous essayons de rendre un plus grand nombre de nos ressources accessibles en plus de langues. S\u00e9lectionnez le nom&hellip;\" \/>\n<meta property=\"og:url\" content=\"https:\/\/scripts.farmradio.fm\/fr\/\" \/>\n<meta property=\"og:site_name\" content=\"Farm Radio Scripts\" \/>\n<meta property=\"article:publisher\" content=\"https:\/\/www.facebook.com\/farmradio\/\" \/>\n<meta property=\"article:modified_time\" content=\"2025-06-19T13:00:01+00:00\" \/>\n<meta name=\"twitter:card\" content=\"summary_large_image\" \/>\n<meta name=\"twitter:site\" content=\"@farmradio\" \/>\n<script type=\"application\/ld+json\" class=\"yoast-schema-graph\">{\"@context\":\"https:\\\/\\\/schema.org\",\"@graph\":[{\"@type\":\"WebPage\",\"@id\":\"https:\\\/\\\/scripts.farmradio.fm\\\/fr\\\/\",\"url\":\"https:\\\/\\\/scripts.farmradio.fm\\\/fr\\\/\",\"name\":\"Accueil - Farm Radio Scripts\",\"isPartOf\":{\"@id\":\"http:\\\/\\\/scripts.farmradio.fm\\\/fr\\\/#website\"},\"datePublished\":\"2012-01-06T13:34:23+00:00\",\"dateModified\":\"2025-06-19T13:00:01+00:00\",\"breadcrumb\":{\"@id\":\"https:\\\/\\\/scripts.farmradio.fm\\\/fr\\\/#breadcrumb\"},\"inLanguage\":\"fr-CA\",\"potentialAction\":[{\"@type\":\"ReadAction\",\"target\":[\"https:\\\/\\\/scripts.farmradio.fm\\\/fr\\\/\"]}]},{\"@type\":\"BreadcrumbList\",\"@id\":\"https:\\\/\\\/scripts.farmradio.fm\\\/fr\\\/#breadcrumb\",\"itemListElement\":[{\"@type\":\"ListItem\",\"position\":1,\"name\":\"Accueil\",\"item\":\"https:\\\/\\\/scripts.farmradio.fm\\\/fr\\\/\"},{\"@type\":\"ListItem\",\"position\":2,\"name\":\"Accueil\"}]},{\"@type\":\"WebSite\",\"@id\":\"http:\\\/\\\/scripts.farmradio.fm\\\/fr\\\/#website\",\"url\":\"http:\\\/\\\/scripts.farmradio.fm\\\/fr\\\/\",\"name\":\"Farm Radio Scripts\",\"description\":\"\",\"publisher\":{\"@id\":\"http:\\\/\\\/scripts.farmradio.fm\\\/fr\\\/#organization\"},\"potentialAction\":[{\"@type\":\"SearchAction\",\"target\":{\"@type\":\"EntryPoint\",\"urlTemplate\":\"http:\\\/\\\/scripts.farmradio.fm\\\/fr\\\/?s={search_term_string}\"},\"query-input\":{\"@type\":\"PropertyValueSpecification\",\"valueRequired\":true,\"valueName\":\"search_term_string\"}}],\"inLanguage\":\"fr-CA\"},{\"@type\":\"Organization\",\"@id\":\"http:\\\/\\\/scripts.farmradio.fm\\\/fr\\\/#organization\",\"name\":\"Farm Radio International\",\"url\":\"http:\\\/\\\/scripts.farmradio.fm\\\/fr\\\/\",\"logo\":{\"@type\":\"ImageObject\",\"inLanguage\":\"fr-CA\",\"@id\":\"http:\\\/\\\/scripts.farmradio.fm\\\/fr\\\/#\\\/schema\\\/logo\\\/image\\\/\",\"url\":\"https:\\\/\\\/scripts.farmradio.fm\\\/wp-content\\\/uploads\\\/farmRadioLogo.jpg\",\"contentUrl\":\"https:\\\/\\\/scripts.farmradio.fm\\\/wp-content\\\/uploads\\\/farmRadioLogo.jpg\",\"width\":200,\"height\":75,\"caption\":\"Farm Radio International\"},\"image\":{\"@id\":\"http:\\\/\\\/scripts.farmradio.fm\\\/fr\\\/#\\\/schema\\\/logo\\\/image\\\/\"},\"sameAs\":[\"https:\\\/\\\/www.facebook.com\\\/farmradio\\\/\",\"https:\\\/\\\/x.com\\\/farmradio\",\"https:\\\/\\\/www.instagram.com\\\/farmradio\\\/\",\"https:\\\/\\\/www.youtube.com\\\/user\\\/FarmRadioInt\"]}]}<\/script>\n<!-- \/ Yoast SEO plugin. -->","yoast_head_json":{"title":"Accueil - Farm Radio Scripts","robots":{"index":"index","follow":"follow","max-snippet":"max-snippet:-1","max-image-preview":"max-image-preview:large","max-video-preview":"max-video-preview:-1"},"canonical":"https:\/\/scripts.farmradio.fm\/fr\/","og_locale":"fr_CA","og_type":"article","og_title":"Accueil - Farm Radio Scripts","og_description":"Farm Radio.FM Textes radiophoniques Rechercher des fiches documentaires, des feuilletons, des interviews, des spots radiophoniques et plus Recherche Fiche documentaires Feuilletons Interviews R\u00e9cits Spots radiophoniques Questions d&rsquo;interview sugg\u00e9r\u00e9es Ensemble th\u00e9matique Causerie-d\u00e9bat entre deux animateurs Traductions disponibles Nous essayons de rendre un plus grand nombre de nos ressources accessibles en plus de langues. S\u00e9lectionnez le nom&hellip;","og_url":"https:\/\/scripts.farmradio.fm\/fr\/","og_site_name":"Farm Radio Scripts","article_publisher":"https:\/\/www.facebook.com\/farmradio\/","article_modified_time":"2025-06-19T13:00:01+00:00","twitter_card":"summary_large_image","twitter_site":"@farmradio","schema":{"@context":"https:\/\/schema.org","@graph":[{"@type":"WebPage","@id":"https:\/\/scripts.farmradio.fm\/fr\/","url":"https:\/\/scripts.farmradio.fm\/fr\/","name":"Accueil - Farm Radio Scripts","isPartOf":{"@id":"http:\/\/scripts.farmradio.fm\/fr\/#website"},"datePublished":"2012-01-06T13:34:23+00:00","dateModified":"2025-06-19T13:00:01+00:00","breadcrumb":{"@id":"https:\/\/scripts.farmradio.fm\/fr\/#breadcrumb"},"inLanguage":"fr-CA","potentialAction":[{"@type":"ReadAction","target":["https:\/\/scripts.farmradio.fm\/fr\/"]}]},{"@type":"BreadcrumbList","@id":"https:\/\/scripts.farmradio.fm\/fr\/#breadcrumb","itemListElement":[{"@type":"ListItem","position":1,"name":"Accueil","item":"https:\/\/scripts.farmradio.fm\/fr\/"},{"@type":"ListItem","position":2,"name":"Accueil"}]},{"@type":"WebSite","@id":"http:\/\/scripts.farmradio.fm\/fr\/#website","url":"http:\/\/scripts.farmradio.fm\/fr\/","name":"Farm Radio Scripts","description":"","publisher":{"@id":"http:\/\/scripts.farmradio.fm\/fr\/#organization"},"potentialAction":[{"@type":"SearchAction","target":{"@type":"EntryPoint","urlTemplate":"http:\/\/scripts.farmradio.fm\/fr\/?s={search_term_string}"},"query-input":{"@type":"PropertyValueSpecification","valueRequired":true,"valueName":"search_term_string"}}],"inLanguage":"fr-CA"},{"@type":"Organization","@id":"http:\/\/scripts.farmradio.fm\/fr\/#organization","name":"Farm Radio International","url":"http:\/\/scripts.farmradio.fm\/fr\/","logo":{"@type":"ImageObject","inLanguage":"fr-CA","@id":"http:\/\/scripts.farmradio.fm\/fr\/#\/schema\/logo\/image\/","url":"https:\/\/scripts.farmradio.fm\/wp-content\/uploads\/farmRadioLogo.jpg","contentUrl":"https:\/\/scripts.farmradio.fm\/wp-content\/uploads\/farmRadioLogo.jpg","width":200,"height":75,"caption":"Farm Radio International"},"image":{"@id":"http:\/\/scripts.farmradio.fm\/fr\/#\/schema\/logo\/image\/"},"sameAs":["https:\/\/www.facebook.com\/farmradio\/","https:\/\/x.com\/farmradio","https:\/\/www.instagram.com\/farmradio\/","https:\/\/www.youtube.com\/user\/FarmRadioInt"]}]}},"_links":{"self":[{"href":"https:\/\/scripts.farmradio.fm\/fr\/wp-json\/wp\/v2\/pages\/1492","targetHints":{"allow":["GET"]}}],"collection":[{"href":"https:\/\/scripts.farmradio.fm\/fr\/wp-json\/wp\/v2\/pages"}],"about":[{"href":"https:\/\/scripts.farmradio.fm\/fr\/wp-json\/wp\/v2\/types\/page"}],"author":[{"embeddable":true,"href":"https:\/\/scripts.farmradio.fm\/fr\/wp-json\/wp\/v2\/users\/1"}],"replies":[{"embeddable":true,"href":"https:\/\/scripts.farmradio.fm\/fr\/wp-json\/wp\/v2\/comments?post=1492"}],"version-history":[{"count":0,"href":"https:\/\/scripts.farmradio.fm\/fr\/wp-json\/wp\/v2\/pages\/1492\/revisions"}],"wp:attachment":[{"href":"https:\/\/scripts.farmradio.fm\/fr\/wp-json\/wp\/v2\/media?parent=1492"}],"curies":[{"name":"wp","href":"https:\/\/api.w.org\/{rel}","templated":true}]}}